{"id":19,"date":"2024-12-25T18:13:56","date_gmt":"2024-12-25T17:13:56","guid":{"rendered":"https:\/\/bezirke-kgv-sz.de\/b2\/?page_id=19"},"modified":"2026-02-14T21:06:45","modified_gmt":"2026-02-14T20:06:45","slug":"willkommen","status":"publish","type":"page","link":"https:\/\/bezirke-kgv-sz.de\/b2\/","title":{"rendered":"Willkommen"},"content":{"rendered":"<p>Der Bezirksverband Salzgitter S\u00fcd begr\u00fc\u00dft euch. Auf dieser Seite m\u00f6chten wir euch etwas mehr Infos zu unserem Bezirk vermitteln.<\/p>\n<p>Wir w\u00fcnschen euch viel Spa\u00df<\/p>\n<p>Kontakt: Vorstand-Sued(at)Bezirke-kgv-sz.de<\/p>\n","protected":false},"excerpt":{"rendered":"<p>Der Bezirksverband Salzgitter S\u00fcd begr\u00fc\u00dft euch. Auf dieser Seite m\u00f6chten wir euch etwas mehr Infos zu unserem Bezirk vermitteln. Wir w\u00fcnschen euch viel Spa\u00df Kontakt: Vorstand-Sued(at)Bezirke-kgv-sz.de<\/p>\n","protected":false},"author":1,"featured_media":0,"parent":0,"menu_order":0,"comment_status":"closed","ping_status":"closed","template":"template-nosidebar.php","meta":{"_coblocks_attr":"","_coblocks_dimensions":"","_coblocks_responsive_height":"","_coblocks_accordion_ie_support":"","footnotes":""},"class_list":["post-19","page","type-page","status-publish","hentry","post-preview"],"_links":{"self":[{"href":"https:\/\/bezirke-kgv-sz.de\/b2\/wp-json\/wp\/v2\/pages\/19","targetHints":{"allow":["GET"]}}],"collection":[{"href":"https:\/\/bezirke-kgv-sz.de\/b2\/wp-json\/wp\/v2\/pages"}],"about":[{"href":"https:\/\/bezirke-kgv-sz.de\/b2\/wp-json\/wp\/v2\/types\/page"}],"author":[{"embeddable":true,"href":"https:\/\/bezirke-kgv-sz.de\/b2\/wp-json\/wp\/v2\/users\/1"}],"replies":[{"embeddable":true,"href":"https:\/\/bezirke-kgv-sz.de\/b2\/wp-json\/wp\/v2\/comments?post=19"}],"version-history":[{"count":5,"href":"https:\/\/bezirke-kgv-sz.de\/b2\/wp-json\/wp\/v2\/pages\/19\/revisions"}],"predecessor-version":[{"id":118,"href":"https:\/\/bezirke-kgv-sz.de\/b2\/wp-json\/wp\/v2\/pages\/19\/revisions\/118"}],"wp:attachment":[{"href":"https:\/\/bezirke-kgv-sz.de\/b2\/wp-json\/wp\/v2\/media?parent=19"}],"curies":[{"name":"wp","href":"https:\/\/api.w.org\/{rel}","templated":true}]}}