{"id":30,"date":"2024-12-25T18:13:39","date_gmt":"2024-12-25T17:13:39","guid":{"rendered":"https:\/\/bezirke-kgv-sz.de\/b1\/?page_id=30"},"modified":"2026-02-14T21:02:24","modified_gmt":"2026-02-14T20:02:24","slug":"willkommen","status":"publish","type":"page","link":"http:\/\/bezirke-kgv-sz.de\/b1\/","title":{"rendered":"Willkommen"},"content":{"rendered":"<p>Der Bezirksverband Salzgitter Nord begr\u00fc\u00dft euch. Auf dieser Seite m\u00f6chten wir euch etwas mehr Infos zu unserem Bezirk vermitteln.<\/p>\n<p>Wir w\u00fcnschen euch viel Spa\u00df<\/p>\n<p><strong>Kontakt: <\/strong><\/p>\n<p>Vorstand-Nord(at)Bezirke-kgv-sz.de<\/p>\n","protected":false},"excerpt":{"rendered":"<p>Der Bezirksverband Salzgitter Nord begr\u00fc\u00dft euch. Auf dieser Seite m\u00f6chten wir euch etwas mehr Infos zu unserem Bezirk vermitteln. Wir w\u00fcnschen euch viel Spa\u00df Kontakt: Vorstand-Nord(at)Bezirke-kgv-sz.de<\/p>\n","protected":false},"author":1,"featured_media":0,"parent":0,"menu_order":0,"comment_status":"closed","ping_status":"closed","template":"template-nosidebar.php","meta":{"_coblocks_attr":"","_coblocks_dimensions":"","_coblocks_responsive_height":"","_coblocks_accordion_ie_support":"","footnotes":""},"class_list":["post-30","page","type-page","status-publish","hentry","post-preview"],"_links":{"self":[{"href":"http:\/\/bezirke-kgv-sz.de\/b1\/wp-json\/wp\/v2\/pages\/30","targetHints":{"allow":["GET"]}}],"collection":[{"href":"http:\/\/bezirke-kgv-sz.de\/b1\/wp-json\/wp\/v2\/pages"}],"about":[{"href":"http:\/\/bezirke-kgv-sz.de\/b1\/wp-json\/wp\/v2\/types\/page"}],"author":[{"embeddable":true,"href":"http:\/\/bezirke-kgv-sz.de\/b1\/wp-json\/wp\/v2\/users\/1"}],"replies":[{"embeddable":true,"href":"http:\/\/bezirke-kgv-sz.de\/b1\/wp-json\/wp\/v2\/comments?post=30"}],"version-history":[{"count":5,"href":"http:\/\/bezirke-kgv-sz.de\/b1\/wp-json\/wp\/v2\/pages\/30\/revisions"}],"predecessor-version":[{"id":172,"href":"http:\/\/bezirke-kgv-sz.de\/b1\/wp-json\/wp\/v2\/pages\/30\/revisions\/172"}],"wp:attachment":[{"href":"http:\/\/bezirke-kgv-sz.de\/b1\/wp-json\/wp\/v2\/media?parent=30"}],"curies":[{"name":"wp","href":"https:\/\/api.w.org\/{rel}","templated":true}]}}